{"id":16,"date":"2024-09-03T08:00:44","date_gmt":"2024-09-03T08:00:44","guid":{"rendered":"https:\/\/cyrils-sport.com\/?page_id=16"},"modified":"2024-10-22T08:34:43","modified_gmt":"2024-10-22T08:34:43","slug":"la-location","status":"publish","type":"page","link":"https:\/\/cyrils-sport.com\/en\/la-location\/","title":{"rendered":"La Location"},"content":{"rendered":"<div data-elementor-type=\"wp-page\" data-elementor-id=\"16\" class=\"elementor elementor-16\" data-elementor-post-type=\"page\">\n\t\t\t\t<div class=\"elementor-element elementor-element-6c75f1b7 e-con-full e-flex e-con e-parent\" data-id=\"6c75f1b7\" data-element_type=\"container\" data-e-type=\"container\">\n\t\t<div class=\"elementor-element elementor-element-1988ad8 e-con-full e-flex e-con e-child\" data-id=\"1988ad8\" data-element_type=\"container\" data-e-type=\"container\">\n\t\t<div class=\"elementor-element elementor-element-89e2ed9 e-con-full e-flex e-con e-child\" data-id=\"89e2ed9\" data-element_type=\"container\" data-e-type=\"container\">\n\t\t\t\t<div class=\"elementor-element elementor-element-724027c elementor-widget elementor-widget-image\" data-id=\"724027c\" data-element_type=\"widget\" data-e-type=\"widget\" data-widget_type=\"image.default\">\n\t\t\t\t<div class=\"elementor-widget-container\">\n\t\t\t\t\t\t\t\t\t\t\t\t\t\t\t<img fetchpriority=\"high\" decoding=\"async\" width=\"800\" height=\"1000\" src=\"https:\/\/cyrils-sport.com\/wp-content\/uploads\/2024\/10\/pexels-gustavlundborg-2016552-819x1024.jpg\" class=\"attachment-large size-large wp-image-1658\" alt=\"\" srcset=\"https:\/\/cyrils-sport.com\/wp-content\/uploads\/2024\/10\/pexels-gustavlundborg-2016552-819x1024.jpg 819w, https:\/\/cyrils-sport.com\/wp-content\/uploads\/2024\/10\/pexels-gustavlundborg-2016552-240x300.jpg 240w, https:\/\/cyrils-sport.com\/wp-content\/uploads\/2024\/10\/pexels-gustavlundborg-2016552-768x960.jpg 768w, https:\/\/cyrils-sport.com\/wp-content\/uploads\/2024\/10\/pexels-gustavlundborg-2016552-1229x1536.jpg 1229w, https:\/\/cyrils-sport.com\/wp-content\/uploads\/2024\/10\/pexels-gustavlundborg-2016552-1638x2048.jpg 1638w, https:\/\/cyrils-sport.com\/wp-content\/uploads\/2024\/10\/pexels-gustavlundborg-2016552-10x12.jpg 10w, https:\/\/cyrils-sport.com\/wp-content\/uploads\/2024\/10\/pexels-gustavlundborg-2016552-scaled.jpg 2048w\" sizes=\"(max-width: 800px) 100vw, 800px\" \/>\t\t\t\t\t\t\t\t\t\t\t\t\t\t\t<\/div>\n\t\t\t\t<\/div>\n\t\t\t\t<\/div>\n\t\t<div class=\"elementor-element elementor-element-66d1313 e-con-full e-flex e-con e-child\" data-id=\"66d1313\" data-element_type=\"container\" data-e-type=\"container\">\n\t\t\t\t<div class=\"elementor-element elementor-element-140ef80 elementor-widget elementor-widget-heading\" data-id=\"140ef80\" data-element_type=\"widget\" data-e-type=\"widget\" data-widget_type=\"heading.default\">\n\t\t\t\t<div class=\"elementor-widget-container\">\n\t\t\t\t\t<h3 class=\"elementor-heading-title elementor-size-default\">NOTRE METIER : LA LOCATION DE MAT\u00c9RIEL DE SKI<\/h3>\t\t\t\t<\/div>\n\t\t\t\t<\/div>\n\t\t\t\t<div class=\"elementor-element elementor-element-fb5e591 elementor-invisible elementor-widget elementor-widget-image-box\" data-id=\"fb5e591\" data-element_type=\"widget\" data-e-type=\"widget\" data-settings=\"{&quot;_animation&quot;:&quot;fadeInLeft&quot;}\" data-widget_type=\"image-box.default\">\n\t\t\t\t<div class=\"elementor-widget-container\">\n\t\t\t\t\t<div class=\"elementor-image-box-wrapper\"><div class=\"elementor-image-box-content\"><h3 class=\"elementor-image-box-title\">Winter sports equipment<\/h3><p class=\"elementor-image-box-description\">Notre magasin vous propose un large choix de mat\u00e9riel de ski \u00e0 la location : skis, snowboards, skis courts... Chez CYRIL'S SPORT LES BERGERS, profitez d'un mat\u00e9riel\nde grande marque pr\u00e9par\u00e9, sur place, par notre \u00e9quipe de professionnels de la montagne.\n<\/p><\/div><\/div>\t\t\t\t<\/div>\n\t\t\t\t<\/div>\n\t\t\t\t<div class=\"elementor-element elementor-element-b2987d5 elementor-widget elementor-widget-text-editor\" data-id=\"b2987d5\" data-element_type=\"widget\" data-e-type=\"widget\" data-widget_type=\"text-editor.default\">\n\t\t\t\t<div class=\"elementor-widget-container\">\n\t\t\t\t\t\t\t\t\t<p>Retrouvez toute la location de mat\u00e9riel de ski et de<br \/>snowboard sur notre site de r\u00e9servation en ligne<\/p>\t\t\t\t\t\t\t\t<\/div>\n\t\t\t\t<\/div>\n\t\t\t\t<div class=\"elementor-element elementor-element-5a62716 elementor-widget elementor-widget-button\" data-id=\"5a62716\" data-element_type=\"widget\" data-e-type=\"widget\" data-widget_type=\"button.default\">\n\t\t\t\t<div class=\"elementor-widget-container\">\n\t\t\t\t\t\t\t\t\t<div class=\"elementor-button-wrapper\">\n\t\t\t\t\t<a class=\"elementor-button elementor-button-link elementor-size-sm\" href=\"https:\/\/www.skimium.fr\/station\/alpe-d-huez\/magasin\/cyril-s-sport-les-bergers\" target=\"_blank\" rel=\"noopener\">\n\t\t\t\t\t\t<span class=\"elementor-button-content-wrapper\">\n\t\t\t\t\t\t\t\t\t<span class=\"elementor-button-text\">SKIMIUM<\/span>\n\t\t\t\t\t<\/span>\n\t\t\t\t\t<\/a>\n\t\t\t\t<\/div>\n\t\t\t\t\t\t\t\t<\/div>\n\t\t\t\t<\/div>\n\t\t\t\t<\/div>\n\t\t\t\t<\/div>\n\t\t<div class=\"elementor-element elementor-element-3870f272 e-con-full e-flex e-con e-child\" data-id=\"3870f272\" data-element_type=\"container\" data-e-type=\"container\">\n\t\t\t\t<div class=\"elementor-element elementor-element-637085b2 elementor-widget elementor-widget-image\" data-id=\"637085b2\" data-element_type=\"widget\" data-e-type=\"widget\" data-widget_type=\"image.default\">\n\t\t\t\t<div class=\"elementor-widget-container\">\n\t\t\t\t\t\t\t\t\t\t\t\t\t\t\t<img decoding=\"async\" width=\"800\" height=\"534\" src=\"https:\/\/cyrils-sport.com\/wp-content\/uploads\/2024\/09\/pexels-wdnet-880497-1024x683.jpg\" class=\"attachment-large size-large wp-image-136\" alt=\"neige\" srcset=\"https:\/\/cyrils-sport.com\/wp-content\/uploads\/2024\/09\/pexels-wdnet-880497-1024x683.jpg 1024w, https:\/\/cyrils-sport.com\/wp-content\/uploads\/2024\/09\/pexels-wdnet-880497-300x200.jpg 300w, https:\/\/cyrils-sport.com\/wp-content\/uploads\/2024\/09\/pexels-wdnet-880497-768x512.jpg 768w, https:\/\/cyrils-sport.com\/wp-content\/uploads\/2024\/09\/pexels-wdnet-880497-1536x1024.jpg 1536w, https:\/\/cyrils-sport.com\/wp-content\/uploads\/2024\/09\/pexels-wdnet-880497-2048x1365.jpg 2048w\" sizes=\"(max-width: 800px) 100vw, 800px\" \/>\t\t\t\t\t\t\t\t\t\t\t\t\t\t\t<\/div>\n\t\t\t\t<\/div>\n\t\t\t\t<\/div>\n\t\t<div class=\"elementor-element elementor-element-603d93a e-con-full e-flex e-con e-child\" data-id=\"603d93a\" data-element_type=\"container\" data-e-type=\"container\">\n\t\t<div class=\"elementor-element elementor-element-cf80871 e-con-full e-flex e-con e-child\" data-id=\"cf80871\" data-element_type=\"container\" data-e-type=\"container\">\n\t\t\t\t<div class=\"elementor-element elementor-element-2eaa050 elementor-widget elementor-widget-image\" data-id=\"2eaa050\" data-element_type=\"widget\" data-e-type=\"widget\" data-widget_type=\"image.default\">\n\t\t\t\t<div class=\"elementor-widget-container\">\n\t\t\t\t\t\t\t\t\t\t\t\t\t\t\t<img decoding=\"async\" width=\"768\" height=\"1024\" src=\"https:\/\/cyrils-sport.com\/wp-content\/uploads\/2024\/09\/powrock-mountain-guides-iRmWs27EpLM-unsplash-768x1024.jpg\" class=\"attachment-large size-large wp-image-140\" alt=\"via ferrata\" srcset=\"https:\/\/cyrils-sport.com\/wp-content\/uploads\/2024\/09\/powrock-mountain-guides-iRmWs27EpLM-unsplash-768x1024.jpg 768w, https:\/\/cyrils-sport.com\/wp-content\/uploads\/2024\/09\/powrock-mountain-guides-iRmWs27EpLM-unsplash-225x300.jpg 225w, https:\/\/cyrils-sport.com\/wp-content\/uploads\/2024\/09\/powrock-mountain-guides-iRmWs27EpLM-unsplash-1152x1536.jpg 1152w, https:\/\/cyrils-sport.com\/wp-content\/uploads\/2024\/09\/powrock-mountain-guides-iRmWs27EpLM-unsplash-1536x2048.jpg 1536w, https:\/\/cyrils-sport.com\/wp-content\/uploads\/2024\/09\/powrock-mountain-guides-iRmWs27EpLM-unsplash-scaled.jpg 1920w\" sizes=\"(max-width: 768px) 100vw, 768px\" \/>\t\t\t\t\t\t\t\t\t\t\t\t\t\t\t<\/div>\n\t\t\t\t<\/div>\n\t\t\t\t<\/div>\n\t\t<div class=\"elementor-element elementor-element-9d54c0f e-con-full e-flex e-con e-child\" data-id=\"9d54c0f\" data-element_type=\"container\" data-e-type=\"container\">\n\t\t\t\t<div class=\"elementor-element elementor-element-e661f8a elementor-widget elementor-widget-heading\" data-id=\"e661f8a\" data-element_type=\"widget\" data-e-type=\"widget\" data-widget_type=\"heading.default\">\n\t\t\t\t<div class=\"elementor-widget-container\">\n\t\t\t\t\t<h3 class=\"elementor-heading-title elementor-size-default\">SUMMER RENTAL SPACE<\/h3>\t\t\t\t<\/div>\n\t\t\t\t<\/div>\n\t\t\t\t<div class=\"elementor-element elementor-element-6d8c502 elementor-invisible elementor-widget elementor-widget-image-box\" data-id=\"6d8c502\" data-element_type=\"widget\" data-e-type=\"widget\" data-settings=\"{&quot;_animation&quot;:&quot;fadeInLeft&quot;}\" data-widget_type=\"image-box.default\">\n\t\t\t\t<div class=\"elementor-widget-container\">\n\t\t\t\t\t<div class=\"elementor-image-box-wrapper\"><div class=\"elementor-image-box-content\"><h3 class=\"elementor-image-box-title\">Via ferrata, Fishing<\/h3><p class=\"elementor-image-box-description\">D\u00e9couvrez le domaine de l\u2019Alpe d\u2019Huez \u00e0 travers diff\u00e9rentes activit\u00e9s comme la via ferrata et la p\u00eache autours du lac besson et autres lacs de montagnes.<\/p><\/div><\/div>\t\t\t\t<\/div>\n\t\t\t\t<\/div>\n\t\t\t\t<\/div>\n\t\t\t\t<\/div>\n\t\t<div class=\"elementor-element elementor-element-3015c36 e-con-full e-flex e-con e-child\" data-id=\"3015c36\" data-element_type=\"container\" data-e-type=\"container\">\n\t\t<div class=\"elementor-element elementor-element-a0e1a5c e-con-full e-flex e-con e-child\" data-id=\"a0e1a5c\" data-element_type=\"container\" data-e-type=\"container\">\n\t\t\t\t<div class=\"elementor-element elementor-element-119ce10 elementor-widget elementor-widget-image\" data-id=\"119ce10\" data-element_type=\"widget\" data-e-type=\"widget\" data-widget_type=\"image.default\">\n\t\t\t\t<div class=\"elementor-widget-container\">\n\t\t\t\t\t\t\t\t\t\t\t\t\t\t\t<img loading=\"lazy\" decoding=\"async\" width=\"800\" height=\"450\" src=\"https:\/\/cyrils-sport.com\/wp-content\/uploads\/2024\/09\/pexels-marek-piwnicki-3907296-16159686-1024x576.jpg\" class=\"attachment-large size-large wp-image-144\" alt=\"couch\u00e9 de soleil montagne\" srcset=\"https:\/\/cyrils-sport.com\/wp-content\/uploads\/2024\/09\/pexels-marek-piwnicki-3907296-16159686-1024x576.jpg 1024w, https:\/\/cyrils-sport.com\/wp-content\/uploads\/2024\/09\/pexels-marek-piwnicki-3907296-16159686-300x169.jpg 300w, https:\/\/cyrils-sport.com\/wp-content\/uploads\/2024\/09\/pexels-marek-piwnicki-3907296-16159686-768x432.jpg 768w, https:\/\/cyrils-sport.com\/wp-content\/uploads\/2024\/09\/pexels-marek-piwnicki-3907296-16159686-1536x864.jpg 1536w, https:\/\/cyrils-sport.com\/wp-content\/uploads\/2024\/09\/pexels-marek-piwnicki-3907296-16159686-2048x1152.jpg 2048w\" sizes=\"(max-width: 800px) 100vw, 800px\" \/>\t\t\t\t\t\t\t\t\t\t\t\t\t\t\t<\/div>\n\t\t\t\t<\/div>\n\t\t\t\t<\/div>\n\t\t\t\t<\/div>\n\t\t\t\t<\/div>\n\t\t\t\t<\/div>","protected":false},"excerpt":{"rendered":"<p>NOTRE METIER : LA LOCATION DE MAT\u00c9RIEL DE SKI Materiel sport hiver Notre magasin vous propose un large choix de mat\u00e9riel de ski \u00e0 la location : skis, snowboards, skis courts&#8230; Chez CYRIL&rsquo;S SPORT LES BERGERS, profitez d&rsquo;un mat\u00e9riel de grande marque pr\u00e9par\u00e9, sur place, par notre \u00e9quipe de professionnels de la montagne. Retrouvez toute [&hellip;]<\/p>\n","protected":false},"author":2,"featured_media":0,"parent":0,"menu_order":0,"comment_status":"closed","ping_status":"closed","template":"","meta":{"footnotes":""},"class_list":["post-16","page","type-page","status-publish","hentry"],"_links":{"self":[{"href":"https:\/\/cyrils-sport.com\/en\/wp-json\/wp\/v2\/pages\/16","targetHints":{"allow":["GET"]}}],"collection":[{"href":"https:\/\/cyrils-sport.com\/en\/wp-json\/wp\/v2\/pages"}],"about":[{"href":"https:\/\/cyrils-sport.com\/en\/wp-json\/wp\/v2\/types\/page"}],"author":[{"embeddable":true,"href":"https:\/\/cyrils-sport.com\/en\/wp-json\/wp\/v2\/users\/2"}],"replies":[{"embeddable":true,"href":"https:\/\/cyrils-sport.com\/en\/wp-json\/wp\/v2\/comments?post=16"}],"version-history":[{"count":6,"href":"https:\/\/cyrils-sport.com\/en\/wp-json\/wp\/v2\/pages\/16\/revisions"}],"predecessor-version":[{"id":1661,"href":"https:\/\/cyrils-sport.com\/en\/wp-json\/wp\/v2\/pages\/16\/revisions\/1661"}],"wp:attachment":[{"href":"https:\/\/cyrils-sport.com\/en\/wp-json\/wp\/v2\/media?parent=16"}],"curies":[{"name":"wp","href":"https:\/\/api.w.org\/{rel}","templated":true}]}}