{"id":148,"date":"2024-09-03T13:26:19","date_gmt":"2024-09-03T13:26:19","guid":{"rendered":"https:\/\/cyrils-sport.com\/?page_id=148"},"modified":"2024-10-22T08:34:59","modified_gmt":"2024-10-22T08:34:59","slug":"bootfiting","status":"publish","type":"page","link":"https:\/\/cyrils-sport.com\/en\/bootfiting\/","title":{"rendered":"Bootfiting"},"content":{"rendered":"<div data-elementor-type=\"wp-page\" data-elementor-id=\"148\" class=\"elementor elementor-148\" data-elementor-post-type=\"page\">\n\t\t\t\t<div class=\"elementor-element elementor-element-26c4b213 e-con-full e-flex e-con e-parent\" data-id=\"26c4b213\" data-element_type=\"container\" data-e-type=\"container\">\n\t\t<div class=\"elementor-element elementor-element-4396dd63 e-con-full e-flex e-con e-child\" data-id=\"4396dd63\" data-element_type=\"container\" data-e-type=\"container\">\n\t\t<div class=\"elementor-element elementor-element-262e1565 e-con-full e-flex e-con e-child\" data-id=\"262e1565\" data-element_type=\"container\" data-e-type=\"container\">\n\t\t\t\t<div class=\"elementor-element elementor-element-116132fc elementor-widget elementor-widget-image\" data-id=\"116132fc\" data-element_type=\"widget\" data-e-type=\"widget\" data-widget_type=\"image.default\">\n\t\t\t\t<div class=\"elementor-widget-container\">\n\t\t\t\t\t\t\t\t\t\t\t\t\t\t\t<img fetchpriority=\"high\" decoding=\"async\" width=\"479\" height=\"601\" src=\"https:\/\/cyrils-sport.com\/wp-content\/uploads\/2024\/10\/Capture-decran-2024-09-03-a-15.41.41.png\" class=\"attachment-large size-large wp-image-1282\" alt=\"\" srcset=\"https:\/\/cyrils-sport.com\/wp-content\/uploads\/2024\/10\/Capture-decran-2024-09-03-a-15.41.41.png 479w, https:\/\/cyrils-sport.com\/wp-content\/uploads\/2024\/10\/Capture-decran-2024-09-03-a-15.41.41-239x300.png 239w, https:\/\/cyrils-sport.com\/wp-content\/uploads\/2024\/10\/Capture-decran-2024-09-03-a-15.41.41-10x12.png 10w\" sizes=\"(max-width: 479px) 100vw, 479px\" \/>\t\t\t\t\t\t\t\t\t\t\t\t\t\t\t<\/div>\n\t\t\t\t<\/div>\n\t\t\t\t<\/div>\n\t\t<div class=\"elementor-element elementor-element-47585417 e-con-full e-flex e-con e-child\" data-id=\"47585417\" data-element_type=\"container\" data-e-type=\"container\">\n\t\t\t\t<div class=\"elementor-element elementor-element-50c1391 elementor-widget elementor-widget-heading\" data-id=\"50c1391\" data-element_type=\"widget\" data-e-type=\"widget\" data-widget_type=\"heading.default\">\n\t\t\t\t<div class=\"elementor-widget-container\">\n\t\t\t\t\t<h3 class=\"elementor-heading-title elementor-size-default\">THE SHOP<\/h3>\t\t\t\t<\/div>\n\t\t\t\t<\/div>\n\t\t\t\t<div class=\"elementor-element elementor-element-3bba4315 elementor-widget elementor-widget-image-box\" data-id=\"3bba4315\" data-element_type=\"widget\" data-e-type=\"widget\" data-widget_type=\"image-box.default\">\n\t\t\t\t<div class=\"elementor-widget-container\">\n\t\t\t\t\t<div class=\"elementor-image-box-wrapper\"><div class=\"elementor-image-box-content\"><h3 class=\"elementor-image-box-title\">Bootfiting<\/h3><p class=\"elementor-image-box-description\">We have a bootfitting workshop on the upper floor of the store, with a team of qualified technicians: Shell work, deformation, milling, liner injection, thermoforming... to perfectly adapt your ski boots to your feet.<\/p><\/div><\/div>\t\t\t\t<\/div>\n\t\t\t\t<\/div>\n\t\t\t\t<div class=\"elementor-element elementor-element-198b067 elementor-widget elementor-widget-text-editor\" data-id=\"198b067\" data-element_type=\"widget\" data-e-type=\"widget\" data-widget_type=\"text-editor.default\">\n\t\t\t\t<div class=\"elementor-widget-container\">\n\t\t\t\t\t\t\t\t\t<p>For optimum quality services, we are equipped with the latest equipment: ULTRACAM machine, Conformable 3D SCANNER, VACUUM Fit Fischer machine.<\/p>\t\t\t\t\t\t\t\t<\/div>\n\t\t\t\t<\/div>\n\t\t\t\t<div class=\"elementor-element elementor-element-c15b1cc elementor-widget elementor-widget-text-editor\" data-id=\"c15b1cc\" data-element_type=\"widget\" data-e-type=\"widget\" data-widget_type=\"text-editor.default\">\n\t\t\t\t<div class=\"elementor-widget-container\">\n\t\t\t\t\t\t\t\t\t<p>We are Fit Zone certified for the production of custom-made insoles.<\/p><p>Vous trouverez les meilleures marques de chaussures de ski : Fischer Vacuum, Atomic, Salomon, Tecnica, Nordica, Rossignol, Lange, Dalbello, Head.<\/p>\t\t\t\t\t\t\t\t<\/div>\n\t\t\t\t<\/div>\n\t\t\t\t<\/div>\n\t\t\t\t<\/div>\n\t\t<div class=\"elementor-element elementor-element-7470d1ab e-con-full e-flex e-con e-child\" data-id=\"7470d1ab\" data-element_type=\"container\" data-e-type=\"container\" data-settings=\"{&quot;background_background&quot;:&quot;classic&quot;}\">\n\t\t\t\t<\/div>\n\t\t\t\t<\/div>\n\t\t\t\t<\/div>","protected":false},"excerpt":{"rendered":"<p>LE MAGASIN Bootfiting Nous disposons \u00e0 l&rsquo;\u00e9tage du magasin d&rsquo;un atelier de bootfitting, avec une \u00e9quipe de techniciens qualifi\u00e9s : Travail de coque, d\u00e9formation, fraisage, injection de chaussons, thermoformage&#8230; pour adapter parfaitement vos chaussures de ski \u00e0 vos pieds. Pour des services de qualit\u00e9 optimum, nous sommes \u00e9quip\u00e9s avec les derniers mat\u00e9riels : Machine ULTRACAM, [&hellip;]<\/p>\n","protected":false},"author":2,"featured_media":0,"parent":0,"menu_order":0,"comment_status":"closed","ping_status":"closed","template":"","meta":{"footnotes":""},"class_list":["post-148","page","type-page","status-publish","hentry"],"_links":{"self":[{"href":"https:\/\/cyrils-sport.com\/en\/wp-json\/wp\/v2\/pages\/148","targetHints":{"allow":["GET"]}}],"collection":[{"href":"https:\/\/cyrils-sport.com\/en\/wp-json\/wp\/v2\/pages"}],"about":[{"href":"https:\/\/cyrils-sport.com\/en\/wp-json\/wp\/v2\/types\/page"}],"author":[{"embeddable":true,"href":"https:\/\/cyrils-sport.com\/en\/wp-json\/wp\/v2\/users\/2"}],"replies":[{"embeddable":true,"href":"https:\/\/cyrils-sport.com\/en\/wp-json\/wp\/v2\/comments?post=148"}],"version-history":[{"count":24,"href":"https:\/\/cyrils-sport.com\/en\/wp-json\/wp\/v2\/pages\/148\/revisions"}],"predecessor-version":[{"id":1664,"href":"https:\/\/cyrils-sport.com\/en\/wp-json\/wp\/v2\/pages\/148\/revisions\/1664"}],"wp:attachment":[{"href":"https:\/\/cyrils-sport.com\/en\/wp-json\/wp\/v2\/media?parent=148"}],"curies":[{"name":"wp","href":"https:\/\/api.w.org\/{rel}","templated":true}]}}