{"id":14,"date":"2024-09-03T08:00:32","date_gmt":"2024-09-03T08:00:32","guid":{"rendered":"https:\/\/cyrils-sport.com\/?page_id=14"},"modified":"2025-01-08T08:22:48","modified_gmt":"2025-01-08T08:22:48","slug":"lequipe","status":"publish","type":"page","link":"https:\/\/cyrils-sport.com\/en\/lequipe\/","title":{"rendered":"L&rsquo;\u00e9quipe"},"content":{"rendered":"<div data-elementor-type=\"wp-page\" data-elementor-id=\"14\" class=\"elementor elementor-14\" data-elementor-post-type=\"page\">\n\t\t\t\t<div class=\"elementor-element elementor-element-e174051 e-con-full e-flex e-con e-parent\" data-id=\"e174051\" data-element_type=\"container\" data-e-type=\"container\">\n\t\t<div class=\"elementor-element elementor-element-546205b e-con-full e-flex e-con e-child\" data-id=\"546205b\" data-element_type=\"container\" data-e-type=\"container\">\n\t\t<div class=\"elementor-element elementor-element-9056119 e-con-full e-flex e-con e-child\" data-id=\"9056119\" data-element_type=\"container\" data-e-type=\"container\">\n\t\t\t\t<div class=\"elementor-element elementor-element-1f07d9b elementor-widget elementor-widget-image\" data-id=\"1f07d9b\" data-element_type=\"widget\" data-e-type=\"widget\" data-widget_type=\"image.default\">\n\t\t\t\t<div class=\"elementor-widget-container\">\n\t\t\t\t\t\t\t\t\t\t\t\t\t\t\t<img fetchpriority=\"high\" decoding=\"async\" width=\"800\" height=\"534\" src=\"https:\/\/cyrils-sport.com\/wp-content\/uploads\/2024\/09\/chang-duong-Sj0iMtq_Z4w-unsplash-1024x683.jpg\" class=\"attachment-large size-large wp-image-242\" alt=\"notre histoire\" srcset=\"https:\/\/cyrils-sport.com\/wp-content\/uploads\/2024\/09\/chang-duong-Sj0iMtq_Z4w-unsplash-1024x683.jpg 1024w, https:\/\/cyrils-sport.com\/wp-content\/uploads\/2024\/09\/chang-duong-Sj0iMtq_Z4w-unsplash-300x200.jpg 300w, https:\/\/cyrils-sport.com\/wp-content\/uploads\/2024\/09\/chang-duong-Sj0iMtq_Z4w-unsplash-768x512.jpg 768w, https:\/\/cyrils-sport.com\/wp-content\/uploads\/2024\/09\/chang-duong-Sj0iMtq_Z4w-unsplash-1536x1024.jpg 1536w, https:\/\/cyrils-sport.com\/wp-content\/uploads\/2024\/09\/chang-duong-Sj0iMtq_Z4w-unsplash-2048x1365.jpg 2048w\" sizes=\"(max-width: 800px) 100vw, 800px\" \/>\t\t\t\t\t\t\t\t\t\t\t\t\t\t\t<\/div>\n\t\t\t\t<\/div>\n\t\t\t\t<\/div>\n\t\t<div class=\"elementor-element elementor-element-8bba7c0 e-con-full e-flex e-con e-child\" data-id=\"8bba7c0\" data-element_type=\"container\" data-e-type=\"container\">\n\t\t\t\t<div class=\"elementor-element elementor-element-d06a8c8 elementor-widget elementor-widget-heading\" data-id=\"d06a8c8\" data-element_type=\"widget\" data-e-type=\"widget\" data-widget_type=\"heading.default\">\n\t\t\t\t<div class=\"elementor-widget-container\">\n\t\t\t\t\t<h3 class=\"elementor-heading-title elementor-size-default\">THE SHOP<\/h3>\t\t\t\t<\/div>\n\t\t\t\t<\/div>\n\t\t\t\t<div class=\"elementor-element elementor-element-dfa78b0 elementor-widget elementor-widget-image-box\" data-id=\"dfa78b0\" data-element_type=\"widget\" data-e-type=\"widget\" data-widget_type=\"image-box.default\">\n\t\t\t\t<div class=\"elementor-widget-container\">\n\t\t\t\t\t<div class=\"elementor-image-box-wrapper\"><div class=\"elementor-image-box-content\"><h3 class=\"elementor-image-box-title\">The team<\/h3><p class=\"elementor-image-box-description\">Cyril\u2019s Sport is above all a team of professionals and enthusiasts there to meet your needs.<\/p><\/div><\/div>\t\t\t\t<\/div>\n\t\t\t\t<\/div>\n\t\t\t\t<div class=\"elementor-element elementor-element-7cec778 elementor-widget elementor-widget-text-editor\" data-id=\"7cec778\" data-element_type=\"widget\" data-e-type=\"widget\" data-widget_type=\"text-editor.default\">\n\t\t\t\t<div class=\"elementor-widget-container\">\n\t\t\t\t\t\t\t\t\t<p>We offer you advice, skills, services and attentive reception, as well as quality equipment prepared on site in our workshop by our team of specialized technicians.<\/p>\t\t\t\t\t\t\t\t<\/div>\n\t\t\t\t<\/div>\n\t\t\t\t<div class=\"elementor-element elementor-element-14779e0 elementor-widget elementor-widget-button\" data-id=\"14779e0\" data-element_type=\"widget\" data-e-type=\"widget\" data-widget_type=\"button.default\">\n\t\t\t\t<div class=\"elementor-widget-container\">\n\t\t\t\t\t\t\t\t\t<div class=\"elementor-button-wrapper\">\n\t\t\t\t\t<a class=\"elementor-button elementor-button-link elementor-size-sm\" href=\"https:\/\/cyrils-sport.com\/en\/galerie\/\">\n\t\t\t\t\t\t<span class=\"elementor-button-content-wrapper\">\n\t\t\t\t\t\t\t\t\t<span class=\"elementor-button-text\">GALERIE<\/span>\n\t\t\t\t\t<\/span>\n\t\t\t\t\t<\/a>\n\t\t\t\t<\/div>\n\t\t\t\t\t\t\t\t<\/div>\n\t\t\t\t<\/div>\n\t\t\t\t<\/div>\n\t\t\t\t<\/div>\n\t\t<div class=\"elementor-element elementor-element-0ea1216 e-con-full e-flex e-con e-child\" data-id=\"0ea1216\" data-element_type=\"container\" data-e-type=\"container\">\n\t\t<div class=\"elementor-element elementor-element-51253f0 e-con-full e-flex e-con e-child\" data-id=\"51253f0\" data-element_type=\"container\" data-e-type=\"container\">\n\t\t<div class=\"elementor-element elementor-element-9c442d8 e-con-full e-flex e-con e-child\" data-id=\"9c442d8\" data-element_type=\"container\" data-e-type=\"container\">\n\t\t\t\t<div class=\"elementor-element elementor-element-41f5a11 elementor-widget elementor-widget-heading\" data-id=\"41f5a11\" data-element_type=\"widget\" data-e-type=\"widget\" data-widget_type=\"heading.default\">\n\t\t\t\t<div class=\"elementor-widget-container\">\n\t\t\t\t\t<h3 class=\"elementor-heading-title elementor-size-default\">OUR PRIORITY:<\/h3>\t\t\t\t<\/div>\n\t\t\t\t<\/div>\n\t\t\t\t<\/div>\n\t\t\t\t<div class=\"elementor-element elementor-element-b107a21 elementor-widget elementor-widget-text-editor\" data-id=\"b107a21\" data-element_type=\"widget\" data-e-type=\"widget\" data-widget_type=\"text-editor.default\">\n\t\t\t\t<div class=\"elementor-widget-container\">\n\t\t\t\t\t\t\t\t\t<p>Your comfort, at the service of performance!<\/p>\t\t\t\t\t\t\t\t<\/div>\n\t\t\t\t<\/div>\n\t\t\t\t<\/div>\n\t\t<div class=\"elementor-element elementor-element-28da933 e-con-full e-flex e-con e-child\" data-id=\"28da933\" data-element_type=\"container\" data-e-type=\"container\">\n\t\t\t\t<div class=\"elementor-element elementor-element-41a343b elementor-widget elementor-widget-image\" data-id=\"41a343b\" data-element_type=\"widget\" data-e-type=\"widget\" data-widget_type=\"image.default\">\n\t\t\t\t<div class=\"elementor-widget-container\">\n\t\t\t\t\t\t\t\t\t\t\t\t\t\t\t<img decoding=\"async\" width=\"800\" height=\"436\" src=\"https:\/\/cyrils-sport.com\/wp-content\/uploads\/2024\/09\/image-3-1-1024x558.png\" class=\"attachment-large size-large wp-image-714\" alt=\"image 3\" srcset=\"https:\/\/cyrils-sport.com\/wp-content\/uploads\/2024\/09\/image-3-1-1024x558.png 1024w, https:\/\/cyrils-sport.com\/wp-content\/uploads\/2024\/09\/image-3-1-300x164.png 300w, https:\/\/cyrils-sport.com\/wp-content\/uploads\/2024\/09\/image-3-1-768x419.png 768w, https:\/\/cyrils-sport.com\/wp-content\/uploads\/2024\/09\/image-3-1-18x10.png 18w, https:\/\/cyrils-sport.com\/wp-content\/uploads\/2024\/09\/image-3-1.png 1271w\" sizes=\"(max-width: 800px) 100vw, 800px\" \/>\t\t\t\t\t\t\t\t\t\t\t\t\t\t\t<\/div>\n\t\t\t\t<\/div>\n\t\t\t\t<\/div>\n\t\t\t\t<\/div>\n\t\t<div class=\"elementor-element elementor-element-679d399 e-con-full e-flex e-con e-child\" data-id=\"679d399\" data-element_type=\"container\" data-e-type=\"container\">\n\t\t<div class=\"elementor-element elementor-element-463de00 e-flex e-con-boxed e-con e-child\" data-id=\"463de00\" data-element_type=\"container\" data-e-type=\"container\">\n\t\t\t\t\t<div class=\"e-con-inner\">\n\t\t<div class=\"elementor-element elementor-element-12b426d e-con-full e-flex e-con e-child\" data-id=\"12b426d\" data-element_type=\"container\" data-e-type=\"container\">\n\t\t\t\t<div class=\"elementor-element elementor-element-46282d4 elementor-widget elementor-widget-image\" data-id=\"46282d4\" data-element_type=\"widget\" data-e-type=\"widget\" data-widget_type=\"image.default\">\n\t\t\t\t<div class=\"elementor-widget-container\">\n\t\t\t\t\t\t\t\t\t\t\t\t\t\t\t<img decoding=\"async\" width=\"800\" height=\"568\" src=\"https:\/\/cyrils-sport.com\/wp-content\/uploads\/2024\/09\/Frame-1-1024x727.png\" class=\"attachment-large size-large wp-image-77\" alt=\"\" srcset=\"https:\/\/cyrils-sport.com\/wp-content\/uploads\/2024\/09\/Frame-1-1024x727.png 1024w, https:\/\/cyrils-sport.com\/wp-content\/uploads\/2024\/09\/Frame-1-300x213.png 300w, https:\/\/cyrils-sport.com\/wp-content\/uploads\/2024\/09\/Frame-1-768x545.png 768w, https:\/\/cyrils-sport.com\/wp-content\/uploads\/2024\/09\/Frame-1-1536x1090.png 1536w, https:\/\/cyrils-sport.com\/wp-content\/uploads\/2024\/09\/Frame-1.png 1640w\" sizes=\"(max-width: 800px) 100vw, 800px\" \/>\t\t\t\t\t\t\t\t\t\t\t\t\t\t\t<\/div>\n\t\t\t\t<\/div>\n\t\t\t\t<\/div>\n\t\t\t\t\t<\/div>\n\t\t\t\t<\/div>\n\t\t\t\t<\/div>\n\t\t\t\t<\/div>\n\t\t\t\t<\/div>","protected":false},"excerpt":{"rendered":"<p>LE MAGASIN L&rsquo;\u00e9quipe Cyril\u2019s Sport c\u2019est avant tout une \u00e9quipe de professionnels et de passionn\u00e9s pr\u00e9sents pour r\u00e9pondre \u00e0 vos besoins. Nous vous proposons conseils, comp\u00e9tences, services et accueil soign\u00e9s, ainsi que du mat\u00e9riel de qualit\u00e9 pr\u00e9par\u00e9 sur place dans notre atelier par notre \u00e9quipe de techniciens sp\u00e9cialis\u00e9s. GALERIE NOTRE PRIORIT\u00c9 : Votre confort, au [&hellip;]<\/p>\n","protected":false},"author":2,"featured_media":0,"parent":0,"menu_order":0,"comment_status":"closed","ping_status":"closed","template":"","meta":{"footnotes":""},"class_list":["post-14","page","type-page","status-publish","hentry"],"_links":{"self":[{"href":"https:\/\/cyrils-sport.com\/en\/wp-json\/wp\/v2\/pages\/14","targetHints":{"allow":["GET"]}}],"collection":[{"href":"https:\/\/cyrils-sport.com\/en\/wp-json\/wp\/v2\/pages"}],"about":[{"href":"https:\/\/cyrils-sport.com\/en\/wp-json\/wp\/v2\/types\/page"}],"author":[{"embeddable":true,"href":"https:\/\/cyrils-sport.com\/en\/wp-json\/wp\/v2\/users\/2"}],"replies":[{"embeddable":true,"href":"https:\/\/cyrils-sport.com\/en\/wp-json\/wp\/v2\/comments?post=14"}],"version-history":[{"count":54,"href":"https:\/\/cyrils-sport.com\/en\/wp-json\/wp\/v2\/pages\/14\/revisions"}],"predecessor-version":[{"id":1730,"href":"https:\/\/cyrils-sport.com\/en\/wp-json\/wp\/v2\/pages\/14\/revisions\/1730"}],"wp:attachment":[{"href":"https:\/\/cyrils-sport.com\/en\/wp-json\/wp\/v2\/media?parent=14"}],"curies":[{"name":"wp","href":"https:\/\/api.w.org\/{rel}","templated":true}]}}